{"id":518,"date":"2023-08-25T03:46:16","date_gmt":"2023-08-25T03:46:16","guid":{"rendered":"https:\/\/maestranzaapartments.com\/?page_id=518"},"modified":"2023-08-25T03:48:02","modified_gmt":"2023-08-25T03:48:02","slug":"aviso-legal","status":"publish","type":"page","link":"https:\/\/maestranzaapartments.com\/index.php\/aviso-legal\/","title":{"rendered":"Aviso legal"},"content":{"rendered":"\t\t<div data-elementor-type=\"wp-page\" data-elementor-id=\"518\" class=\"elementor elementor-518\">\n\t\t\t\t\t\t<section class=\"elementor-section elementor-top-section elementor-element elementor-element-3b61f52 elementor-section-boxed elementor-section-height-default elementor-section-height-default\" data-id=\"3b61f52\" data-element_type=\"section\">\n\t\t\t\t\t\t<div class=\"elementor-container elementor-column-gap-default\">\n\t\t\t\t\t<div class=\"elementor-column elementor-col-100 elementor-top-column elementor-element elementor-element-e74a93c\" data-id=\"e74a93c\" data-element_type=\"column\">\n\t\t\t<div class=\"elementor-widget-wrap elementor-element-populated\">\n\t\t\t\t\t\t<div class=\"elementor-element elementor-element-ddf0a10 elementor-widget elementor-widget-text-editor\" data-id=\"ddf0a10\" data-element_type=\"widget\" data-widget_type=\"text-editor.default\">\n\t\t\t\t<div class=\"elementor-widget-container\">\n\t\t\t<style>\/*! elementor - v3.19.0 - 07-02-2024 *\/\n.elementor-widget-text-editor.elementor-drop-cap-view-stacked .elementor-drop-cap{background-color:#69727d;color:#fff}.elementor-widget-text-editor.elementor-drop-cap-view-framed .elementor-drop-cap{color:#69727d;border:3px solid;background-color:transparent}.elementor-widget-text-editor:not(.elementor-drop-cap-view-default) .elementor-drop-cap{margin-top:8px}.elementor-widget-text-editor:not(.elementor-drop-cap-view-default) .elementor-drop-cap-letter{width:1em;height:1em}.elementor-widget-text-editor .elementor-drop-cap{float:left;text-align:center;line-height:1;font-size:50px}.elementor-widget-text-editor .elementor-drop-cap-letter{display:inline-block}<\/style>\t\t\t\t<p><b>Aviso Legal de Maestranza Boutique Apartments<\/b><\/p><p>Fecha de \u00faltima actualizaci\u00f3n: 24 de agosto de 2023<\/p><p>Bienvenido\/a al Aviso Legal de Maestranza Boutique Apartments. Este aviso establece los t\u00e9rminos y condiciones que rigen el uso de nuestro sitio web. Al acceder y navegar por nuestro sitio, usted acepta cumplir con estos t\u00e9rminos. Si no est\u00e1 de acuerdo con alguno de estos t\u00e9rminos, le recomendamos que no utilice nuestro sitio web.<\/p><p>Propiedad del Sitio Web<\/p><p>El sitio web de Maestranza Boutique Apartments y su contenido son propiedad exclusiva de Maestranza Boutique Apartments\u00a0y est\u00e1n protegidos por las leyes de propiedad intelectual e industrial. Queda prohibida la reproducci\u00f3n, distribuci\u00f3n, modificaci\u00f3n o cualquier otro uso no autorizado del contenido de este sitio sin el consentimiento previo y por escrito de Maestranza Boutique Apartments.<\/p><p><b>Uso del Sitio Web<\/b><\/p><p>Usted se compromete a utilizar nuestro sitio web de manera legal y \u00e9tica, respetando todas las leyes y regulaciones aplicables. No est\u00e1 permitido utilizar nuestro sitio para fines ilegales, difamatorios, ofensivos o que puedan da\u00f1ar la reputaci\u00f3n de Maestranza Boutique Apartments.<\/p><p><b>Enlaces a Sitios Web de Terceros<\/b><\/p><p>Nuestro sitio web puede contener enlaces a sitios web de terceros. Estos enlaces se proporcionan \u00fanicamente con fines informativos y no implican ning\u00fan respaldo por parte de Maestranza Boutique Apartments. No tenemos control sobre el contenido o las pr\u00e1cticas de privacidad de estos sitios web de terceros, por lo que no nos hacemos responsables de ellos.<\/p><p><b>Limitaci\u00f3n de Responsabilidad<\/b><\/p><p>Aunque nos esforzamos por mantener la informaci\u00f3n en nuestro sitio web precisa y actualizada, no garantizamos la precisi\u00f3n ni la integridad de dicha informaci\u00f3n. Maestranza Boutique Apartments no ser\u00e1 responsable de ning\u00fan da\u00f1o directo, indirecto, incidental o consecuente que pueda surgir del uso de este sitio web.<\/p><p><b>Cambios en los T\u00e9rminos<\/b><\/p><p>Nos reservamos el derecho de modificar estos t\u00e9rminos en cualquier momento y sin previo aviso. Los cambios entrar\u00e1n en vigencia una vez que se publiquen en esta p\u00e1gina. Le recomendamos que revise esta p\u00e1gina peri\u00f3dicamente para estar al tanto de cualquier cambio.<\/p><p><b>Ley Aplicable<\/b><\/p><p>Este Aviso Legal se rige por las leyes de [Lugar de Jurisdicci\u00f3n], y cualquier disputa relacionada con este aviso estar\u00e1 sujeta a la jurisdicci\u00f3n exclusiva de los tribunales de dicha jurisdicci\u00f3n.<\/p><p>Si tiene preguntas adicionales sobre nuestro Aviso Legal, no dude en ponerse en contacto con nosotros a trav\u00e9s de los medios proporcionados en nuestro sitio web.<\/p><p>Gracias por visitar el sitio web de Maestranza Boutique Apartments y por respetar nuestros t\u00e9rminos y condiciones.<\/p>\t\t\t\t\t\t<\/div>\n\t\t\t\t<\/div>\n\t\t\t\t\t<\/div>\n\t\t<\/div>\n\t\t\t\t\t<\/div>\n\t\t<\/section>\n\t\t\t\t<\/div>\n\t\t","protected":false},"excerpt":{"rendered":"<p>Aviso Legal de Maestranza Boutique Apartments Fecha de \u00faltima actualizaci\u00f3n: 24 de agosto de 2023 Bienvenido\/a al Aviso Legal de Maestranza Boutique Apartments. Este aviso establece los t\u00e9rminos y condiciones que rigen el uso de nuestro sitio web. Al acceder y navegar por nuestro sitio, usted acepta cumplir con estos t\u00e9rminos. Si no est\u00e1 de [&hellip;]<\/p>\n","protected":false},"author":1,"featured_media":0,"parent":0,"menu_order":0,"comment_status":"closed","ping_status":"closed","template":"","meta":{"footnotes":""},"class_list":["post-518","page","type-page","status-publish","hentry"],"yoast_head":"<!-- This site is optimized with the Yoast SEO plugin v22.0 - https:\/\/yoast.com\/wordpress\/plugins\/seo\/ -->\n<title>Aviso legal - Maestranza<\/title>\n<meta name=\"robots\" content=\"noindex, follow, max-snippet:-1, max-image-preview:large, max-video-preview:-1\" \/>\n<meta property=\"og:locale\" content=\"es_ES\" \/>\n<meta property=\"og:type\" content=\"article\" \/>\n<meta property=\"og:title\" content=\"Aviso legal - Maestranza\" \/>\n<meta property=\"og:description\" content=\"Aviso Legal de Maestranza Boutique Apartments Fecha de \u00faltima actualizaci\u00f3n: 24 de agosto de 2023 Bienvenido\/a al Aviso Legal de Maestranza Boutique Apartments. Este aviso establece los t\u00e9rminos y condiciones que rigen el uso de nuestro sitio web. Al acceder y navegar por nuestro sitio, usted acepta cumplir con estos t\u00e9rminos. Si no est\u00e1 de [&hellip;]\" \/>\n<meta property=\"og:url\" content=\"https:\/\/maestranzaapartments.com\/index.php\/aviso-legal\/\" \/>\n<meta property=\"og:site_name\" content=\"Maestranza\" \/>\n<meta property=\"article:modified_time\" content=\"2023-08-25T03:48:02+00:00\" \/>\n<meta name=\"twitter:card\" content=\"summary_large_image\" \/>\n<meta name=\"twitter:label1\" content=\"Tiempo de lectura\" \/>\n\t<meta name=\"twitter:data1\" content=\"2 minutos\" \/>\n<script type=\"application\/ld+json\" class=\"yoast-schema-graph\">{\"@context\":\"https:\/\/schema.org\",\"@graph\":[{\"@type\":\"WebPage\",\"@id\":\"https:\/\/maestranzaapartments.com\/index.php\/aviso-legal\/\",\"url\":\"https:\/\/maestranzaapartments.com\/index.php\/aviso-legal\/\",\"name\":\"Aviso legal - Maestranza\",\"isPartOf\":{\"@id\":\"https:\/\/maestranzaapartments.com\/#website\"},\"datePublished\":\"2023-08-25T03:46:16+00:00\",\"dateModified\":\"2023-08-25T03:48:02+00:00\",\"breadcrumb\":{\"@id\":\"https:\/\/maestranzaapartments.com\/index.php\/aviso-legal\/#breadcrumb\"},\"inLanguage\":\"es\",\"potentialAction\":[{\"@type\":\"ReadAction\",\"target\":[\"https:\/\/maestranzaapartments.com\/index.php\/aviso-legal\/\"]}]},{\"@type\":\"BreadcrumbList\",\"@id\":\"https:\/\/maestranzaapartments.com\/index.php\/aviso-legal\/#breadcrumb\",\"itemListElement\":[{\"@type\":\"ListItem\",\"position\":1,\"name\":\"Portada\",\"item\":\"https:\/\/maestranzaapartments.com\/\"},{\"@type\":\"ListItem\",\"position\":2,\"name\":\"Aviso legal\"}]},{\"@type\":\"WebSite\",\"@id\":\"https:\/\/maestranzaapartments.com\/#website\",\"url\":\"https:\/\/maestranzaapartments.com\/\",\"name\":\"Maestranza\",\"description\":\"\",\"potentialAction\":[{\"@type\":\"SearchAction\",\"target\":{\"@type\":\"EntryPoint\",\"urlTemplate\":\"https:\/\/maestranzaapartments.com\/?s={search_term_string}\"},\"query-input\":\"required name=search_term_string\"}],\"inLanguage\":\"es\"}]}<\/script>\n<!-- \/ Yoast SEO plugin. -->","yoast_head_json":{"title":"Aviso legal - Maestranza","robots":{"index":"noindex","follow":"follow","max-snippet":"max-snippet:-1","max-image-preview":"max-image-preview:large","max-video-preview":"max-video-preview:-1"},"og_locale":"es_ES","og_type":"article","og_title":"Aviso legal - Maestranza","og_description":"Aviso Legal de Maestranza Boutique Apartments Fecha de \u00faltima actualizaci\u00f3n: 24 de agosto de 2023 Bienvenido\/a al Aviso Legal de Maestranza Boutique Apartments. Este aviso establece los t\u00e9rminos y condiciones que rigen el uso de nuestro sitio web. Al acceder y navegar por nuestro sitio, usted acepta cumplir con estos t\u00e9rminos. Si no est\u00e1 de [&hellip;]","og_url":"https:\/\/maestranzaapartments.com\/index.php\/aviso-legal\/","og_site_name":"Maestranza","article_modified_time":"2023-08-25T03:48:02+00:00","twitter_card":"summary_large_image","twitter_misc":{"Tiempo de lectura":"2 minutos"},"schema":{"@context":"https:\/\/schema.org","@graph":[{"@type":"WebPage","@id":"https:\/\/maestranzaapartments.com\/index.php\/aviso-legal\/","url":"https:\/\/maestranzaapartments.com\/index.php\/aviso-legal\/","name":"Aviso legal - Maestranza","isPartOf":{"@id":"https:\/\/maestranzaapartments.com\/#website"},"datePublished":"2023-08-25T03:46:16+00:00","dateModified":"2023-08-25T03:48:02+00:00","breadcrumb":{"@id":"https:\/\/maestranzaapartments.com\/index.php\/aviso-legal\/#breadcrumb"},"inLanguage":"es","potentialAction":[{"@type":"ReadAction","target":["https:\/\/maestranzaapartments.com\/index.php\/aviso-legal\/"]}]},{"@type":"BreadcrumbList","@id":"https:\/\/maestranzaapartments.com\/index.php\/aviso-legal\/#breadcrumb","itemListElement":[{"@type":"ListItem","position":1,"name":"Portada","item":"https:\/\/maestranzaapartments.com\/"},{"@type":"ListItem","position":2,"name":"Aviso legal"}]},{"@type":"WebSite","@id":"https:\/\/maestranzaapartments.com\/#website","url":"https:\/\/maestranzaapartments.com\/","name":"Maestranza","description":"","potentialAction":[{"@type":"SearchAction","target":{"@type":"EntryPoint","urlTemplate":"https:\/\/maestranzaapartments.com\/?s={search_term_string}"},"query-input":"required name=search_term_string"}],"inLanguage":"es"}]}},"_links":{"self":[{"href":"https:\/\/maestranzaapartments.com\/index.php\/wp-json\/wp\/v2\/pages\/518","targetHints":{"allow":["GET"]}}],"collection":[{"href":"https:\/\/maestranzaapartments.com\/index.php\/wp-json\/wp\/v2\/pages"}],"about":[{"href":"https:\/\/maestranzaapartments.com\/index.php\/wp-json\/wp\/v2\/types\/page"}],"author":[{"embeddable":true,"href":"https:\/\/maestranzaapartments.com\/index.php\/wp-json\/wp\/v2\/users\/1"}],"replies":[{"embeddable":true,"href":"https:\/\/maestranzaapartments.com\/index.php\/wp-json\/wp\/v2\/comments?post=518"}],"version-history":[{"count":7,"href":"https:\/\/maestranzaapartments.com\/index.php\/wp-json\/wp\/v2\/pages\/518\/revisions"}],"predecessor-version":[{"id":525,"href":"https:\/\/maestranzaapartments.com\/index.php\/wp-json\/wp\/v2\/pages\/518\/revisions\/525"}],"wp:attachment":[{"href":"https:\/\/maestranzaapartments.com\/index.php\/wp-json\/wp\/v2\/media?parent=518"}],"curies":[{"name":"wp","href":"https:\/\/api.w.org\/{rel}","templated":true}]}}