{"id":526,"date":"2023-08-25T03:48:16","date_gmt":"2023-08-25T03:48:16","guid":{"rendered":"https:\/\/maestranzaapartments.com\/?page_id=526"},"modified":"2023-08-25T03:50:17","modified_gmt":"2023-08-25T03:50:17","slug":"politica-de-cookies","status":"publish","type":"page","link":"https:\/\/maestranzaapartments.com\/index.php\/politica-de-cookies\/","title":{"rendered":"Pol\u00edtica de cookies"},"content":{"rendered":"\t\t<div data-elementor-type=\"wp-page\" data-elementor-id=\"526\" class=\"elementor elementor-526\">\n\t\t\t\t\t\t<section class=\"elementor-section elementor-top-section elementor-element elementor-element-edef133 elementor-section-boxed elementor-section-height-default elementor-section-height-default\" data-id=\"edef133\" data-element_type=\"section\">\n\t\t\t\t\t\t<div class=\"elementor-container elementor-column-gap-default\">\n\t\t\t\t\t<div class=\"elementor-column elementor-col-100 elementor-top-column elementor-element elementor-element-a056bf2\" data-id=\"a056bf2\" data-element_type=\"column\">\n\t\t\t<div class=\"elementor-widget-wrap elementor-element-populated\">\n\t\t\t\t\t\t<div class=\"elementor-element elementor-element-2f4729a elementor-widget elementor-widget-text-editor\" data-id=\"2f4729a\" data-element_type=\"widget\" data-widget_type=\"text-editor.default\">\n\t\t\t\t<div class=\"elementor-widget-container\">\n\t\t\t<style>\/*! elementor - v3.19.0 - 07-02-2024 *\/\n.elementor-widget-text-editor.elementor-drop-cap-view-stacked .elementor-drop-cap{background-color:#69727d;color:#fff}.elementor-widget-text-editor.elementor-drop-cap-view-framed .elementor-drop-cap{color:#69727d;border:3px solid;background-color:transparent}.elementor-widget-text-editor:not(.elementor-drop-cap-view-default) .elementor-drop-cap{margin-top:8px}.elementor-widget-text-editor:not(.elementor-drop-cap-view-default) .elementor-drop-cap-letter{width:1em;height:1em}.elementor-widget-text-editor .elementor-drop-cap{float:left;text-align:center;line-height:1;font-size:50px}.elementor-widget-text-editor .elementor-drop-cap-letter{display:inline-block}<\/style>\t\t\t\t<p><b>Pol\u00edtica de Cookies de Maestranza Boutique Apartments<\/b><\/p><p>Fecha de \u00faltima actualizaci\u00f3n: 24 de agosto de 2023<\/p><p>Bienvenido\/a a la Pol\u00edtica de Cookies de Maestranza Boutique Apartments. Esta pol\u00edtica explica c\u00f3mo utilizamos las cookies y tecnolog\u00edas similares en nuestro sitio web. Al utilizar nuestro sitio, usted acepta el uso de cookies de acuerdo con los t\u00e9rminos de esta pol\u00edtica.<\/p><p><b>\u00bfQu\u00e9 son las Cookies?<\/b><\/p><p>Las cookies son peque\u00f1os archivos de texto que se almacenan en su dispositivo cuando visita un sitio web. Estas cookies pueden contener informaci\u00f3n que se recopila con fines diversos, como recordar sus preferencias, analizar el uso del sitio y personalizar su experiencia.<\/p><p><b>Tipos de Cookies que Utilizamos<\/b><\/p><p>Cookies Esenciales: Estas cookies son necesarias para el funcionamiento b\u00e1sico de nuestro sitio web. Facilitan la navegaci\u00f3n y permiten que acceda a las funciones esenciales, como la realizaci\u00f3n de reservas. Sin estas cookies, el sitio no funcionar\u00eda correctamente.<br \/>Cookies de Rendimiento: Utilizamos cookies de rendimiento para recopilar informaci\u00f3n an\u00f3nima sobre c\u00f3mo los visitantes usan nuestro sitio. Esto nos ayuda a mejorar la funcionalidad y el dise\u00f1o del sitio web. Utilizamos herramientas de an\u00e1lisis web para recopilar estos datos.<br \/>Cookies de Funcionalidad: Estas cookies permiten que el sitio recuerde las elecciones que ha hecho, como su idioma preferido o su ubicaci\u00f3n. Esto mejora su experiencia al personalizar el contenido que se muestra.<br \/>Cookies de Publicidad: Podemos utilizar cookies de publicidad para mostrar anuncios que sean relevantes para sus intereses. Estas cookies recopilan informaci\u00f3n sobre sus h\u00e1bitos de navegaci\u00f3n y se utilizan para orientar la publicidad en funci\u00f3n de sus preferencias.<br \/>C\u00f3mo Puede Administrar sus Preferencias de Cookies<\/p><p>Usted puede controlar y administrar las cookies de varias maneras. Puede configurar su navegador para que le notifique cuando se colocan cookies y decidir si las acepta o las rechaza. Tambi\u00e9n puede eliminar las cookies existentes en su dispositivo.<\/p><p>Tenga en cuenta que rechazar o eliminar cookies puede afectar su experiencia en el sitio web y limitar la funcionalidad que puede utilizar.<\/p><p><b>Enlaces a Sitios Web de Terceros<\/b><\/p><p>Nuestro sitio web puede contener enlaces a sitios web de terceros que tambi\u00e9n pueden utilizar cookies. No tenemos control sobre las cookies utilizadas por estos sitios web de terceros, por lo que le recomendamos revisar sus pol\u00edticas de cookies para comprender c\u00f3mo manejan la informaci\u00f3n recopilada.<\/p><p><b>Cambios en la Pol\u00edtica de Cookies<\/b><\/p><p>Nos reservamos el derecho de actualizar esta Pol\u00edtica de Cookies en cualquier momento para reflejar cambios en nuestras pr\u00e1cticas y en cumplimiento de las regulaciones de privacidad. Le animamos a revisar peri\u00f3dicamente esta pol\u00edtica para estar informado sobre c\u00f3mo utilizamos las cookies.<\/p><p>Si tiene alguna pregunta sobre nuestra Pol\u00edtica de Cookies, por favor cont\u00e1ctenos a trav\u00e9s de los medios proporcionados en nuestro sitio web.<\/p><p>Gracias por visitar el sitio web de Maestranza Boutique Apartments y por comprender c\u00f3mo utilizamos las cookies para mejorar su experiencia en l\u00ednea.<\/p>\t\t\t\t\t\t<\/div>\n\t\t\t\t<\/div>\n\t\t\t\t\t<\/div>\n\t\t<\/div>\n\t\t\t\t\t<\/div>\n\t\t<\/section>\n\t\t\t\t<\/div>\n\t\t","protected":false},"excerpt":{"rendered":"<p>Pol\u00edtica de Cookies de Maestranza Boutique Apartments Fecha de \u00faltima actualizaci\u00f3n: 24 de agosto de 2023 Bienvenido\/a a la Pol\u00edtica de Cookies de Maestranza Boutique Apartments. Esta pol\u00edtica explica c\u00f3mo utilizamos las cookies y tecnolog\u00edas similares en nuestro sitio web. Al utilizar nuestro sitio, usted acepta el uso de cookies de acuerdo con los t\u00e9rminos [&hellip;]<\/p>\n","protected":false},"author":1,"featured_media":0,"parent":0,"menu_order":0,"comment_status":"closed","ping_status":"closed","template":"","meta":{"footnotes":""},"class_list":["post-526","page","type-page","status-publish","hentry"],"yoast_head":"<!-- This site is optimized with the Yoast SEO plugin v22.0 - https:\/\/yoast.com\/wordpress\/plugins\/seo\/ -->\n<title>Pol\u00edtica de cookies - Maestranza<\/title>\n<meta name=\"robots\" content=\"noindex, follow, max-snippet:-1, max-image-preview:large, max-video-preview:-1\" \/>\n<meta property=\"og:locale\" content=\"es_ES\" \/>\n<meta property=\"og:type\" content=\"article\" \/>\n<meta property=\"og:title\" content=\"Pol\u00edtica de cookies - Maestranza\" \/>\n<meta property=\"og:description\" content=\"Pol\u00edtica de Cookies de Maestranza Boutique Apartments Fecha de \u00faltima actualizaci\u00f3n: 24 de agosto de 2023 Bienvenido\/a a la Pol\u00edtica de Cookies de Maestranza Boutique Apartments. Esta pol\u00edtica explica c\u00f3mo utilizamos las cookies y tecnolog\u00edas similares en nuestro sitio web. Al utilizar nuestro sitio, usted acepta el uso de cookies de acuerdo con los t\u00e9rminos [&hellip;]\" \/>\n<meta property=\"og:url\" content=\"https:\/\/maestranzaapartments.com\/index.php\/politica-de-cookies\/\" \/>\n<meta property=\"og:site_name\" content=\"Maestranza\" \/>\n<meta property=\"article:modified_time\" content=\"2023-08-25T03:50:17+00:00\" \/>\n<meta name=\"twitter:card\" content=\"summary_large_image\" \/>\n<meta name=\"twitter:label1\" content=\"Tiempo de lectura\" \/>\n\t<meta name=\"twitter:data1\" content=\"3 minutos\" \/>\n<script type=\"application\/ld+json\" class=\"yoast-schema-graph\">{\"@context\":\"https:\/\/schema.org\",\"@graph\":[{\"@type\":\"WebPage\",\"@id\":\"https:\/\/maestranzaapartments.com\/index.php\/politica-de-cookies\/\",\"url\":\"https:\/\/maestranzaapartments.com\/index.php\/politica-de-cookies\/\",\"name\":\"Pol\u00edtica de cookies - Maestranza\",\"isPartOf\":{\"@id\":\"https:\/\/maestranzaapartments.com\/#website\"},\"datePublished\":\"2023-08-25T03:48:16+00:00\",\"dateModified\":\"2023-08-25T03:50:17+00:00\",\"breadcrumb\":{\"@id\":\"https:\/\/maestranzaapartments.com\/index.php\/politica-de-cookies\/#breadcrumb\"},\"inLanguage\":\"es\",\"potentialAction\":[{\"@type\":\"ReadAction\",\"target\":[\"https:\/\/maestranzaapartments.com\/index.php\/politica-de-cookies\/\"]}]},{\"@type\":\"BreadcrumbList\",\"@id\":\"https:\/\/maestranzaapartments.com\/index.php\/politica-de-cookies\/#breadcrumb\",\"itemListElement\":[{\"@type\":\"ListItem\",\"position\":1,\"name\":\"Portada\",\"item\":\"https:\/\/maestranzaapartments.com\/\"},{\"@type\":\"ListItem\",\"position\":2,\"name\":\"Pol\u00edtica de cookies\"}]},{\"@type\":\"WebSite\",\"@id\":\"https:\/\/maestranzaapartments.com\/#website\",\"url\":\"https:\/\/maestranzaapartments.com\/\",\"name\":\"Maestranza\",\"description\":\"\",\"potentialAction\":[{\"@type\":\"SearchAction\",\"target\":{\"@type\":\"EntryPoint\",\"urlTemplate\":\"https:\/\/maestranzaapartments.com\/?s={search_term_string}\"},\"query-input\":\"required name=search_term_string\"}],\"inLanguage\":\"es\"}]}<\/script>\n<!-- \/ Yoast SEO plugin. -->","yoast_head_json":{"title":"Pol\u00edtica de cookies - Maestranza","robots":{"index":"noindex","follow":"follow","max-snippet":"max-snippet:-1","max-image-preview":"max-image-preview:large","max-video-preview":"max-video-preview:-1"},"og_locale":"es_ES","og_type":"article","og_title":"Pol\u00edtica de cookies - Maestranza","og_description":"Pol\u00edtica de Cookies de Maestranza Boutique Apartments Fecha de \u00faltima actualizaci\u00f3n: 24 de agosto de 2023 Bienvenido\/a a la Pol\u00edtica de Cookies de Maestranza Boutique Apartments. Esta pol\u00edtica explica c\u00f3mo utilizamos las cookies y tecnolog\u00edas similares en nuestro sitio web. Al utilizar nuestro sitio, usted acepta el uso de cookies de acuerdo con los t\u00e9rminos [&hellip;]","og_url":"https:\/\/maestranzaapartments.com\/index.php\/politica-de-cookies\/","og_site_name":"Maestranza","article_modified_time":"2023-08-25T03:50:17+00:00","twitter_card":"summary_large_image","twitter_misc":{"Tiempo de lectura":"3 minutos"},"schema":{"@context":"https:\/\/schema.org","@graph":[{"@type":"WebPage","@id":"https:\/\/maestranzaapartments.com\/index.php\/politica-de-cookies\/","url":"https:\/\/maestranzaapartments.com\/index.php\/politica-de-cookies\/","name":"Pol\u00edtica de cookies - Maestranza","isPartOf":{"@id":"https:\/\/maestranzaapartments.com\/#website"},"datePublished":"2023-08-25T03:48:16+00:00","dateModified":"2023-08-25T03:50:17+00:00","breadcrumb":{"@id":"https:\/\/maestranzaapartments.com\/index.php\/politica-de-cookies\/#breadcrumb"},"inLanguage":"es","potentialAction":[{"@type":"ReadAction","target":["https:\/\/maestranzaapartments.com\/index.php\/politica-de-cookies\/"]}]},{"@type":"BreadcrumbList","@id":"https:\/\/maestranzaapartments.com\/index.php\/politica-de-cookies\/#breadcrumb","itemListElement":[{"@type":"ListItem","position":1,"name":"Portada","item":"https:\/\/maestranzaapartments.com\/"},{"@type":"ListItem","position":2,"name":"Pol\u00edtica de cookies"}]},{"@type":"WebSite","@id":"https:\/\/maestranzaapartments.com\/#website","url":"https:\/\/maestranzaapartments.com\/","name":"Maestranza","description":"","potentialAction":[{"@type":"SearchAction","target":{"@type":"EntryPoint","urlTemplate":"https:\/\/maestranzaapartments.com\/?s={search_term_string}"},"query-input":"required name=search_term_string"}],"inLanguage":"es"}]}},"_links":{"self":[{"href":"https:\/\/maestranzaapartments.com\/index.php\/wp-json\/wp\/v2\/pages\/526","targetHints":{"allow":["GET"]}}],"collection":[{"href":"https:\/\/maestranzaapartments.com\/index.php\/wp-json\/wp\/v2\/pages"}],"about":[{"href":"https:\/\/maestranzaapartments.com\/index.php\/wp-json\/wp\/v2\/types\/page"}],"author":[{"embeddable":true,"href":"https:\/\/maestranzaapartments.com\/index.php\/wp-json\/wp\/v2\/users\/1"}],"replies":[{"embeddable":true,"href":"https:\/\/maestranzaapartments.com\/index.php\/wp-json\/wp\/v2\/comments?post=526"}],"version-history":[{"count":7,"href":"https:\/\/maestranzaapartments.com\/index.php\/wp-json\/wp\/v2\/pages\/526\/revisions"}],"predecessor-version":[{"id":533,"href":"https:\/\/maestranzaapartments.com\/index.php\/wp-json\/wp\/v2\/pages\/526\/revisions\/533"}],"wp:attachment":[{"href":"https:\/\/maestranzaapartments.com\/index.php\/wp-json\/wp\/v2\/media?parent=526"}],"curies":[{"name":"wp","href":"https:\/\/api.w.org\/{rel}","templated":true}]}}